{"id":41,"date":"2023-10-11T10:07:29","date_gmt":"2023-10-11T13:07:29","guid":{"rendered":"https:\/\/hcp.org.br\/doacoes\/pix\/?post_type=product&#038;p=41"},"modified":"2025-07-11T10:36:54","modified_gmt":"2025-07-11T13:36:54","slug":"doacao-livre","status":"publish","type":"product","link":"https:\/\/hcp.org.br\/doacoes\/pix\/produto\/doacao-livre\/","title":{"rendered":"Doa\u00e7\u00e3o Livre"},"content":{"rendered":"\t\t<div data-elementor-type=\"product-post\" data-elementor-id=\"41\" class=\"elementor elementor-41\" data-elementor-post-type=\"product\">\n\t\t\t\t<div class=\"elementor-element elementor-element-509d11da e-flex e-con-boxed e-con e-parent\" data-id=\"509d11da\" data-element_type=\"container\" data-e-type=\"container\">\n\t\t\t\t\t<div class=\"e-con-inner\">\n\t\t\t\t<div class=\"elementor-element elementor-element-ebc62f0 elementor-widget elementor-widget-woocommerce-breadcrumb\" data-id=\"ebc62f0\" data-element_type=\"widget\" data-e-type=\"widget\" data-widget_type=\"woocommerce-breadcrumb.default\">\n\t\t\t\t<div class=\"elementor-widget-container\">\n\t\t\t\t\t<nav class=\"woocommerce-breadcrumb\" aria-label=\"Breadcrumb\">In\u00edcio<\/nav>\t\t\t\t<\/div>\n\t\t\t\t<\/div>\n\t\t\t\t\t<\/div>\n\t\t\t\t<\/div>\n\t\t<div class=\"elementor-element elementor-element-7aaf8e2 e-flex e-con-boxed e-con e-parent\" data-id=\"7aaf8e2\" data-element_type=\"container\" data-e-type=\"container\">\n\t\t\t\t\t<div class=\"e-con-inner\">\n\t\t<div class=\"elementor-element elementor-element-4903a82 e-con-full e-flex e-con e-child\" data-id=\"4903a82\" data-element_type=\"container\" data-e-type=\"container\">\n\t\t\t\t<div class=\"elementor-element elementor-element-c450572 elementor-widget elementor-widget-woocommerce-product-title elementor-page-title elementor-widget-heading\" data-id=\"c450572\" data-element_type=\"widget\" data-e-type=\"widget\" data-widget_type=\"woocommerce-product-title.default\">\n\t\t\t\t<div class=\"elementor-widget-container\">\n\t\t\t\t\t<h1 class=\"product_title entry-title elementor-heading-title elementor-size-default\">Doa\u00e7\u00e3o Livre<\/h1>\t\t\t\t<\/div>\n\t\t\t\t<\/div>\n\t\t\t\t<div class=\"elementor-element elementor-element-21234c9 elementor-add-to-cart--layout-stacked elementor-widget elementor-widget-woocommerce-product-add-to-cart\" data-id=\"21234c9\" data-element_type=\"widget\" data-e-type=\"widget\" data-widget_type=\"woocommerce-product-add-to-cart.default\">\n\t\t\t\t<div class=\"elementor-widget-container\">\n\t\t\t\t\t\n\t\t<div class=\"elementor-add-to-cart elementor-product-simple\">\n\t\t\t\n\t\n\t<form class=\"cart\" action=\"https:\/\/hcp.org.br\/doacoes\/pix\/produto\/doacao-livre\/\" method=\"post\" enctype='multipart\/form-data'>\n\t\t<div\n\tclass=\"cpw\" data-minimum-error=\"Please enter at least %%MINIMUM%%.\" data-hide-minimum=\"\" data-hide-minimum-error=\"Please enter a higher amount.\" data-max-price=\"\" data-maximum-error=\"Please enter less than or equal to %%MAXIMUM%%.\" data-empty-error=\"Please enter an amount.\" data-initial-price=\"\" data-min-price=\"0\"  > \n\t\t<p class=\"cwp-input-wrapper\">\n\t\t\t\t<label for=\"cpw-1\">Valor <span class=\"woocommerce-Price-currencySymbol\">( &#082;&#036; )<\/span><\/label>\n\t\t\t\t<input\n\t\t\ttype=\"text\"\n\t\t\tid=\"cpw-1\"\n\t\t\tclass=\"input-text amount cpw-input text\"\n\t\t\tname=\"cpw\"\n\t\t\tvalue=\"\"\n\t\t\ttitle=\"Valor ( &#082;&#036; )\"\n\t\t\tplaceholder=\"\"\n\n\t\t\t\t\t\/>\n\n\t\t<input type=\"hidden\" name=\"update-price\" value=\"\"\/>\n\t\t<input type=\"hidden\" name=\"_cpwnonce\" value=\"\"\/>\n\t<\/p>\n\t<div id=\"cpw-error-1\" class=\"woocommerce-cpw-message\" aria-live=\"assertive\" style=\"display: none\"><ul class=\"woocommerce-error wc-cpw-error\"><\/ul><\/div>\n<\/div>\n\n\n\n\t\t\t\t<div class=\"e-atc-qty-button-holder\">\n\t\t<div class=\"quantity\">\n\t\t<label class=\"screen-reader-text\" for=\"quantity_69f17ea8bcb25\">Doa\u00e7\u00e3o Livre quantidade<\/label>\n\t<input\n\t\ttype=\"number\"\n\t\t\t\tid=\"quantity_69f17ea8bcb25\"\n\t\tclass=\"input-text qty text\"\n\t\tname=\"quantity\"\n\t\tvalue=\"1\"\n\t\taria-label=\"Quantidade de produto\"\n\t\t\t\tmin=\"1\"\n\t\t\t\t\t\t\tstep=\"1\"\n\t\t\tplaceholder=\"\"\n\t\t\tinputmode=\"numeric\"\n\t\t\tautocomplete=\"off\"\n\t\t\t\/>\n\t<\/div>\n\n\t\t<button type=\"submit\" name=\"add-to-cart\" value=\"41\" class=\"single_add_to_cart_button button alt\">Adicionar Doa\u00e7\u00e3o<\/button>\n\n\t\t\t\t<\/div>\n\t\t\t<\/form>\n\n\t\n\t\t<\/div>\n\n\t\t\t\t\t\t<\/div>\n\t\t\t\t<\/div>\n\t\t\t\t<\/div>\n\t\t<div class=\"elementor-element elementor-element-c83573f e-con-full e-flex e-con e-child\" data-id=\"c83573f\" data-element_type=\"container\" data-e-type=\"container\">\n\t\t\t\t<div class=\"elementor-element elementor-element-200d5a7 elementor-widget elementor-widget-image\" data-id=\"200d5a7\" data-element_type=\"widget\" data-e-type=\"widget\" data-widget_type=\"image.default\">\n\t\t\t\t<div class=\"elementor-widget-container\">\n\t\t\t\t\t\t\t\t\t\t\t\t\t\t\t<img fetchpriority=\"high\" decoding=\"async\" width=\"800\" height=\"800\" src=\"https:\/\/hcp.org.br\/doacoes\/pix\/wp-content\/uploads\/2023\/10\/Doacoes_hcp_5-min.png\" class=\"attachment-large size-large wp-image-51\" alt=\"\" srcset=\"https:\/\/hcp.org.br\/doacoes\/pix\/wp-content\/uploads\/2023\/10\/Doacoes_hcp_5-min.png 1000w, https:\/\/hcp.org.br\/doacoes\/pix\/wp-content\/uploads\/2023\/10\/Doacoes_hcp_5-min-300x300.png 300w, https:\/\/hcp.org.br\/doacoes\/pix\/wp-content\/uploads\/2023\/10\/Doacoes_hcp_5-min-150x150.png 150w, https:\/\/hcp.org.br\/doacoes\/pix\/wp-content\/uploads\/2023\/10\/Doacoes_hcp_5-min-768x768.png 768w, https:\/\/hcp.org.br\/doacoes\/pix\/wp-content\/uploads\/2023\/10\/Doacoes_hcp_5-min-600x600.png 600w, https:\/\/hcp.org.br\/doacoes\/pix\/wp-content\/uploads\/2023\/10\/Doacoes_hcp_5-min-100x100.png 100w\" sizes=\"(max-width: 800px) 100vw, 800px\" \/>\t\t\t\t\t\t\t\t\t\t\t\t\t\t\t<\/div>\n\t\t\t\t<\/div>\n\t\t\t\t<\/div>\n\t\t\t\t\t<\/div>\n\t\t\t\t<\/div>\n\t\t<div class=\"elementor-element elementor-element-6efa379 e-flex e-con-boxed e-con e-parent\" data-id=\"6efa379\" data-element_type=\"container\" data-e-type=\"container\">\n\t\t\t\t\t<div class=\"e-con-inner\">\n\t\t\t\t<div class=\"elementor-element elementor-element-2efa7db elementor-widget elementor-widget-html\" data-id=\"2efa7db\" data-element_type=\"widget\" data-e-type=\"widget\" data-widget_type=\"html.default\">\n\t\t\t\t<div class=\"elementor-widget-container\">\n\t\t\t\t\t<script>\n  \/\/ Fun\u00e7\u00e3o para obter o valor de um par\u00e2metro da URL\n  function getParamFromURL(param) {\n    const urlParams = new URLSearchParams(window.location.search);\n    return urlParams.get(param);\n  }\n\n  \/\/ Ao carregar a p\u00e1gina, pega o valor do par\u00e2metro \"valor\"\n  window.addEventListener(\"DOMContentLoaded\", () => {\n    const valor = getParamFromURL(\"valor\");\n    if (valor !== null) {\n      const campo = document.getElementById(\"cpw-1\");\n      if (campo) {\n        campo.value = valor;\n      }\n    }\n  });\n<\/script>\t\t\t\t<\/div>\n\t\t\t\t<\/div>\n\t\t\t\t\t<\/div>\n\t\t\t\t<\/div>\n\t\t\t\t<\/div>\n\t\t","protected":false},"excerpt":{"rendered":"<p><img decoding=\"async\" class=\"alignnone size-medium wp-image-50\" src=\"https:\/\/hcp.org.br\/doacoes\/pix\/wp-content\/uploads\/2023\/10\/Doacoes_hcp_1-min-300x300.png\" alt=\"\" width=\"300\" height=\"300\" srcset=\"https:\/\/hcp.org.br\/doacoes\/pix\/wp-content\/uploads\/2023\/10\/Doacoes_hcp_1-min-300x300.png 300w, https:\/\/hcp.org.br\/doacoes\/pix\/wp-content\/uploads\/2023\/10\/Doacoes_hcp_1-min-150x150.png 150w, https:\/\/hcp.org.br\/doacoes\/pix\/wp-content\/uploads\/2023\/10\/Doacoes_hcp_1-min-768x768.png 768w, https:\/\/hcp.org.br\/doacoes\/pix\/wp-content\/uploads\/2023\/10\/Doacoes_hcp_1-min-600x600.png 600w, https:\/\/hcp.org.br\/doacoes\/pix\/wp-content\/uploads\/2023\/10\/Doacoes_hcp_1-min-100x100.png 100w, https:\/\/hcp.org.br\/doacoes\/pix\/wp-content\/uploads\/2023\/10\/Doacoes_hcp_1-min.png 1000w\" sizes=\"(max-width: 300px) 100vw, 300px\" \/><\/p>\n","protected":false},"featured_media":51,"template":"elementor_header_footer","meta":[],"product_brand":[],"product_cat":[17],"product_tag":[],"class_list":{"0":"post-41","1":"product","2":"type-product","3":"status-publish","4":"has-post-thumbnail","6":"product_cat-doacoes","8":"first","9":"instock","10":"virtual","11":"purchasable","12":"product-type-simple","13":"cpw-product"},"_links":{"self":[{"href":"https:\/\/hcp.org.br\/doacoes\/pix\/wp-json\/wp\/v2\/product\/41","targetHints":{"allow":["GET"]}}],"collection":[{"href":"https:\/\/hcp.org.br\/doacoes\/pix\/wp-json\/wp\/v2\/product"}],"about":[{"href":"https:\/\/hcp.org.br\/doacoes\/pix\/wp-json\/wp\/v2\/types\/product"}],"version-history":[{"count":66,"href":"https:\/\/hcp.org.br\/doacoes\/pix\/wp-json\/wp\/v2\/product\/41\/revisions"}],"predecessor-version":[{"id":569,"href":"https:\/\/hcp.org.br\/doacoes\/pix\/wp-json\/wp\/v2\/product\/41\/revisions\/569"}],"wp:featuredmedia":[{"embeddable":true,"href":"https:\/\/hcp.org.br\/doacoes\/pix\/wp-json\/wp\/v2\/media\/51"}],"wp:attachment":[{"href":"https:\/\/hcp.org.br\/doacoes\/pix\/wp-json\/wp\/v2\/media?parent=41"}],"wp:term":[{"taxonomy":"product_brand","embeddable":true,"href":"https:\/\/hcp.org.br\/doacoes\/pix\/wp-json\/wp\/v2\/product_brand?post=41"},{"taxonomy":"product_cat","embeddable":true,"href":"https:\/\/hcp.org.br\/doacoes\/pix\/wp-json\/wp\/v2\/product_cat?post=41"},{"taxonomy":"product_tag","embeddable":true,"href":"https:\/\/hcp.org.br\/doacoes\/pix\/wp-json\/wp\/v2\/product_tag?post=41"}],"curies":[{"name":"wp","href":"https:\/\/api.w.org\/{rel}","templated":true}]}}